{"id":11524,"date":"2016-01-10T18:14:00","date_gmt":"2016-01-10T23:14:00","guid":{"rendered":"http:\/\/www.motivationminceur.ca\/boutique\/non%20class\u00e9\/maigrir-par-la-motivation\/?lang=en"},"modified":"2019-04-30T06:25:39","modified_gmt":"2019-04-30T11:25:39","slug":"maigrir-par-la-motivation","status":"publish","type":"product","link":"https:\/\/www.motivationminceur.ca\/en\/shop\/books-for-weight-loss\/french-books\/maigrir-par-la-motivation\/","title":{"rendered":"Maigrir par la motivation &#8211; eBook pour perte de poids"},"content":{"rendered":"<p>Dans cet ouvrage \u00e0 succ\u00e8s de 221 pages, le docteur Larocque vous montre \u00e0 quel point la motivation peut venir \u00e0 bout d&#8217;un probl\u00e8me de poids. Mais encore faut-il comprendre les blocages qui freinent cette motivation.<\/p>\n<p>Guide de l&#8217;utilisateur: livre num\u00e9rique<\/p>\n<p>Passer une commande pour ce livre avec un ordinateur et pas une tablette ou t\u00e9l\u00e9phone<br \/>\nt\u00e9l\u00e9charger sur votre ordinateur<br \/>\nouvrir un logiciel de type &#8220;iBook&#8221; pour lire des livres<br \/>\nimporter le livre dans votre logiciel de lecture<br \/>\npartager le livre sur votre tablette ou t\u00e9l\u00e9phone.<\/p>\n<p>Bonne lecture!<\/p>\n<p>Version digitale<\/p>\n","protected":false},"excerpt":{"rendered":"<p>Dans cet ouvrage \u00e0 succ\u00e8s de 221 pages, le docteur Larocque vous montre \u00e0 quel point la motivation peut venir \u00e0 bout d&#8217;un probl\u00e8me de poids. Mais encore faut-il comprendre les blocages qui freinent cette motivation. Guide de l&#8217;utilisateur: livre num\u00e9rique Passer une commande pour ce livre avec un ordinateur<span class=\"excerpt-hellip\"> [\u2026]<\/span><\/p>\n","protected":false},"featured_media":87817,"template":"","meta":{"_uf_show_specific_survey":0,"_uf_disable_surveys":false},"product_brand":[],"product_cat":[127,139],"product_tag":[],"class_list":{"0":"post-11524","1":"product","2":"type-product","3":"status-publish","4":"has-post-thumbnail","6":"product_cat-books-for-weight-loss","7":"product_cat-french-books","8":"product_shipping_class-livraison-mp3-en","10":"first","11":"instock","12":"downloadable","13":"taxable","14":"shipping-taxable","15":"purchasable","16":"product-type-simple"},"_links":{"self":[{"href":"https:\/\/www.motivationminceur.ca\/en\/wp-json\/wp\/v2\/product\/11524","targetHints":{"allow":["GET"]}}],"collection":[{"href":"https:\/\/www.motivationminceur.ca\/en\/wp-json\/wp\/v2\/product"}],"about":[{"href":"https:\/\/www.motivationminceur.ca\/en\/wp-json\/wp\/v2\/types\/product"}],"wp:featuredmedia":[{"embeddable":true,"href":"https:\/\/www.motivationminceur.ca\/en\/wp-json\/wp\/v2\/media\/87817"}],"wp:attachment":[{"href":"https:\/\/www.motivationminceur.ca\/en\/wp-json\/wp\/v2\/media?parent=11524"}],"wp:term":[{"taxonomy":"product_brand","embeddable":true,"href":"https:\/\/www.motivationminceur.ca\/en\/wp-json\/wp\/v2\/product_brand?post=11524"},{"taxonomy":"product_cat","embeddable":true,"href":"https:\/\/www.motivationminceur.ca\/en\/wp-json\/wp\/v2\/product_cat?post=11524"},{"taxonomy":"product_tag","embeddable":true,"href":"https:\/\/www.motivationminceur.ca\/en\/wp-json\/wp\/v2\/product_tag?post=11524"}],"curies":[{"name":"wp","href":"https:\/\/api.w.org\/{rel}","templated":true}]}}