{"id":17148,"date":"2016-01-10T18:14:00","date_gmt":"2016-01-10T23:14:00","guid":{"rendered":"http:\/\/www.motivationminceur.ca\/boutique\/non%20class\u00e9\/motivation-minceur-ebook-for-weight-loss\/"},"modified":"2019-04-30T06:26:41","modified_gmt":"2019-04-30T11:26:41","slug":"la-methode-motivation-minceur","status":"publish","type":"product","link":"https:\/\/www.motivationminceur.ca\/en\/shop\/books-for-weight-loss\/french-books\/la-methode-motivation-minceur\/","title":{"rendered":"Motivation Minceur &#8211; eBook pour perte de poids"},"content":{"rendered":"<p>La M\u00e9thode Motivation Minceur est une approche qui aborde les probl\u00e8mes de surpoids et la fa\u00e7on de les r\u00e9gler. Vous trouverez dans ce livre toutes les explications n\u00e9cessaires pour vous motiver:<\/p>\n<ul>\n<li>des informations sur les cons\u00e9quences de l&#8217;ob\u00e9sit\u00e9;<\/li>\n<li>des tests de diagnostic;<\/li>\n<li>des renseignements pour comprendre les causes physiologiques et psychologiques du surpoids;<\/li>\n<li>des outils de suivi et de motivation;<\/li>\n<li>des trucs pour maigrir au jour le jour;<\/li>\n<li>des programmes de mise en forme physique;<\/li>\n<li>des r\u00e9ponses \u00e0 vos questions.<\/li>\n<\/ul>\n<p>Il n&#8217;y a pas de fin \u00e0 la M\u00e9thode Motivation Minceur. Il n`y a pas de fin \u00e0 la s\u00e9r\u00e9nit\u00e9. Il n&#8217;y a pas de fin au bonheur. Chaque jour est le d\u00e9but de votre nouvelle vie. Et la vie est un choix quotidien.<\/p>\n<p>Dans une soci\u00e9t\u00e9 de consommation, les bons choix ne sont pas toujours faciles \u00e0 faire. Combattre au jour le jour les mirages mis sur votre<br \/>\nchemin demande une bonne prise de conscience.<\/p>\n<p>Cultivez cette qualit\u00e9 vitale que vous avez, soit le d\u00e9sir profond de changer, d&#8217;\u00e9voluer comme \u00eatre humain, et pers\u00e9v\u00e9rez malgr\u00e9 les difficult\u00e9s. Ressentez cette merveilleuse sensation de satis-faction de soi malgr\u00e9 les emb\u00fbches, car elles sont sur votre chemin pour vous apprendre le bonheur.<\/p>\n<p>Guide de l&#8217;utilisateur: livre num\u00e9rique<\/p>\n<p>Passer une commande pour ce livre avec un ordinateur et pas une tablette ou t\u00e9l\u00e9phone<br \/>\nt\u00e9l\u00e9charger sur votre ordinateur<br \/>\nouvrir un logiciel de type &#8220;iBook&#8221; pour lire des livres<br \/>\nimporter le livre dans votre logiciel de lecture<br \/>\npartager le livre sur votre tablette ou t\u00e9l\u00e9phone.<\/p>\n<p>Bonne lecture!<\/p>\n<p><strong>Version Digitale<\/strong><\/p>\n","protected":false},"excerpt":{"rendered":"<p>La M\u00e9thode Motivation Minceur est une approche qui aborde les probl\u00e8mes de surpoids et la fa\u00e7on de les r\u00e9gler. Vous trouverez dans ce livre toutes les explications n\u00e9cessaires pour vous motiver: des informations sur les cons\u00e9quences de l&#8217;ob\u00e9sit\u00e9; des tests de diagnostic; des renseignements pour comprendre les causes physiologiques et<span class=\"excerpt-hellip\"> [\u2026]<\/span><\/p>\n","protected":false},"featured_media":30813,"template":"","meta":{"_uf_show_specific_survey":0,"_uf_disable_surveys":false},"product_brand":[],"product_cat":[127,139],"product_tag":[],"class_list":{"0":"post-17148","1":"product","2":"type-product","3":"status-publish","4":"has-post-thumbnail","6":"product_cat-books-for-weight-loss","7":"product_cat-french-books","8":"product_shipping_class-livraison-mp3-en","10":"first","11":"instock","12":"downloadable","13":"taxable","14":"shipping-taxable","15":"purchasable","16":"product-type-simple"},"_links":{"self":[{"href":"https:\/\/www.motivationminceur.ca\/en\/wp-json\/wp\/v2\/product\/17148","targetHints":{"allow":["GET"]}}],"collection":[{"href":"https:\/\/www.motivationminceur.ca\/en\/wp-json\/wp\/v2\/product"}],"about":[{"href":"https:\/\/www.motivationminceur.ca\/en\/wp-json\/wp\/v2\/types\/product"}],"wp:featuredmedia":[{"embeddable":true,"href":"https:\/\/www.motivationminceur.ca\/en\/wp-json\/wp\/v2\/media\/30813"}],"wp:attachment":[{"href":"https:\/\/www.motivationminceur.ca\/en\/wp-json\/wp\/v2\/media?parent=17148"}],"wp:term":[{"taxonomy":"product_brand","embeddable":true,"href":"https:\/\/www.motivationminceur.ca\/en\/wp-json\/wp\/v2\/product_brand?post=17148"},{"taxonomy":"product_cat","embeddable":true,"href":"https:\/\/www.motivationminceur.ca\/en\/wp-json\/wp\/v2\/product_cat?post=17148"},{"taxonomy":"product_tag","embeddable":true,"href":"https:\/\/www.motivationminceur.ca\/en\/wp-json\/wp\/v2\/product_tag?post=17148"}],"curies":[{"name":"wp","href":"https:\/\/api.w.org\/{rel}","templated":true}]}}