{"id":77084,"date":"2020-09-18T11:08:15","date_gmt":"2020-09-18T15:08:15","guid":{"rendered":"https:\/\/www.motivationminceur.ca\/?post_type=product&#038;p=77084"},"modified":"2023-04-27T16:22:37","modified_gmt":"2023-04-27T20:22:37","slug":"protein-wafers-lemon","status":"publish","type":"product","link":"https:\/\/www.motivationminceur.ca\/en\/shop\/healthy-wafer\/protein-wafers-lemon\/","title":{"rendered":"Proti-Square Lemon protein wafers"},"content":{"rendered":"<h2 style=\"text-align: center;\">Proti-Square Lemon protein wafers (6\/box)<\/h2>\n<p style=\"text-align: center;\">Vous cherchez une fa\u00e7on satisfaisante et d\u00e9licieuse de commencer votre journ\u00e9e ou de vous laisser tenter par une collation rapide ? Ne cherchez pas plus loin que les gaufrettes au citron Proti-Squares de Bariatrix !<\/p>\n<p style=\"text-align: center;\">Chaque bo\u00eete contient 6 sachets, chacun contenant 2 gaufrettes irr\u00e9sistiblement croustillantes et savoureuses. Mais ces gaufrettes sont bien plus qu&#8217;un simple r\u00e9gal pour vos papilles : elles ont un impact nutritionnel puissant.<\/p>\n<p style=\"text-align: center;\">Avec 15 grammes de prot\u00e9ines, les gaufrettes Bariatrix Proti-Squares au citron vous aideront \u00e0 rester rassasi\u00e9 plus longtemps et vous fourniront l&#8217;\u00e9nergie dont vous avez besoin pour passer la journ\u00e9e. De plus, avec 13 grammes de glucides et seulement 9 grammes de mati\u00e8res grasses, ces gaufrettes constituent l&#8217;\u00e9quilibre parfait entre sant\u00e9 et plaisir.<\/p>\n<p style=\"text-align: center;\">Et n&#8217;oublions pas la saveur framboise qui met l&#8217;eau \u00e0 la bouche et qui ne manquera pas de satisfaire vos envies de sucr\u00e9 sans pour autant envahir vos sens. Avec 200 calories par paquet, les gaufrettes Bariatrix Proti-Squares au citron sont l&#8217;en-cas parfait et sans culpabilit\u00e9 pour tous ceux qui veulent rester sur la voie de leurs objectifs de sant\u00e9 et de forme.<\/p>\n<p style=\"text-align: center;\">Pourquoi se contenter d&#8217;un petit-d\u00e9jeuner ennuyeux ou d&#8217;un en-cas fade alors que les gaufrettes au citron Bariatrix Proti-Squares sont l\u00e0 pour vous ? Essayez-les d\u00e8s aujourd&#8217;hui et d\u00e9couvrez la combinaison parfaite de go\u00fbt, de nutrition et de commodit\u00e9 !<\/p>\n","protected":false},"excerpt":{"rendered":"<p>Proti-Square Lemon protein wafers (6\/box) Vous cherchez une fa\u00e7on satisfaisante et d\u00e9licieuse de commencer votre journ\u00e9e ou de vous laisser tenter par une collation rapide ? Ne cherchez pas plus loin que les gaufrettes au citron Proti-Squares de Bariatrix ! Chaque bo\u00eete contient 6 sachets, chacun contenant 2 gaufrettes irr\u00e9sistiblement<span class=\"excerpt-hellip\"> [\u2026]<\/span><\/p>\n","protected":false},"featured_media":77571,"template":"","meta":{"_uf_show_specific_survey":0,"_uf_disable_surveys":false},"product_brand":[],"product_cat":[495],"product_tag":[],"class_list":{"0":"post-77084","1":"product","2":"type-product","3":"status-publish","4":"has-post-thumbnail","6":"product_cat-healthy-wafer","8":"first","9":"outofstock","10":"featured","11":"taxable","12":"shipping-taxable","13":"purchasable","14":"product-type-simple"},"_links":{"self":[{"href":"https:\/\/www.motivationminceur.ca\/en\/wp-json\/wp\/v2\/product\/77084","targetHints":{"allow":["GET"]}}],"collection":[{"href":"https:\/\/www.motivationminceur.ca\/en\/wp-json\/wp\/v2\/product"}],"about":[{"href":"https:\/\/www.motivationminceur.ca\/en\/wp-json\/wp\/v2\/types\/product"}],"wp:featuredmedia":[{"embeddable":true,"href":"https:\/\/www.motivationminceur.ca\/en\/wp-json\/wp\/v2\/media\/77571"}],"wp:attachment":[{"href":"https:\/\/www.motivationminceur.ca\/en\/wp-json\/wp\/v2\/media?parent=77084"}],"wp:term":[{"taxonomy":"product_brand","embeddable":true,"href":"https:\/\/www.motivationminceur.ca\/en\/wp-json\/wp\/v2\/product_brand?post=77084"},{"taxonomy":"product_cat","embeddable":true,"href":"https:\/\/www.motivationminceur.ca\/en\/wp-json\/wp\/v2\/product_cat?post=77084"},{"taxonomy":"product_tag","embeddable":true,"href":"https:\/\/www.motivationminceur.ca\/en\/wp-json\/wp\/v2\/product_tag?post=77084"}],"curies":[{"name":"wp","href":"https:\/\/api.w.org\/{rel}","templated":true}]}}